{"id":17,"date":"2023-01-04T11:23:50","date_gmt":"2023-01-04T10:23:50","guid":{"rendered":"https:\/\/mer-terre.org\/?page_id=17"},"modified":"2026-03-05T12:25:26","modified_gmt":"2026-03-05T11:25:26","slug":"valeurs","status":"publish","type":"page","link":"https:\/\/mer-terre.org\/en\/valeurs\/","title":{"rendered":"Values"},"content":{"rendered":"<div data-elementor-type=\"wp-page\" data-elementor-id=\"17\" class=\"elementor elementor-17\" data-elementor-post-type=\"page\">\n\t\t\t\t\t\t<section class=\"elementor-section elementor-top-section elementor-element elementor-element-394c1f20 elementor-section-boxed elementor-section-height-default elementor-section-height-default\" data-id=\"394c1f20\" data-element_type=\"section\">\n\t\t\t\t\t\t<div class=\"elementor-container elementor-column-gap-default\">\n\t\t\t\t\t<div class=\"elementor-column elementor-col-100 elementor-top-column elementor-element elementor-element-2cd7333f\" data-id=\"2cd7333f\" data-element_type=\"column\">\n\t\t\t<div class=\"elementor-widget-wrap elementor-element-populated\">\n\t\t\t\t\t\t<div class=\"elementor-element elementor-element-4258370f elementor-widget elementor-widget-heading\" data-id=\"4258370f\" data-element_type=\"widget\" data-widget_type=\"heading.default\">\n\t\t\t\t<div class=\"elementor-widget-container\">\n\t\t\t\t\t<h1 class=\"elementor-heading-title elementor-size-default\">Values<\/h1>\t\t\t\t<\/div>\n\t\t\t\t<\/div>\n\t\t\t\t<div class=\"elementor-element elementor-element-2d547f2e elementor-widget elementor-widget-text-editor\" data-id=\"2d547f2e\" data-element_type=\"widget\" data-widget_type=\"text-editor.default\">\n\t\t\t\t<div class=\"elementor-widget-container\">\n\t\t\t\t\t\t\t\t\t<h6>MerTerre, une promesse d&rsquo;accomplissement<br \/>qui tend vers quelque chose qui<br \/>nous fait vibrer !<\/h6>\t\t\t\t\t\t\t\t<\/div>\n\t\t\t\t<\/div>\n\t\t\t\t<div class=\"elementor-element elementor-element-12dc3591 elementor-widget elementor-widget-image\" data-id=\"12dc3591\" data-element_type=\"widget\" data-widget_type=\"image.default\">\n\t\t\t\t<div class=\"elementor-widget-container\">\n\t\t\t\t\t\t\t\t\t\t\t\t\t\t\t<img decoding=\"async\" width=\"100\" height=\"7\" src=\"https:\/\/mer-terre.org\/wp-content\/uploads\/2023\/01\/zig-zag.png\" class=\"attachment-large size-large wp-image-313\" alt=\"\" \/>\t\t\t\t\t\t\t\t\t\t\t\t\t\t\t<\/div>\n\t\t\t\t<\/div>\n\t\t\t\t\t<\/div>\n\t\t<\/div>\n\t\t\t\t\t<\/div>\n\t\t<\/section>\n\t\t\t\t<section class=\"elementor-section elementor-top-section elementor-element elementor-element-6d6c5edd elementor-section-boxed elementor-section-height-default elementor-section-height-default\" data-id=\"6d6c5edd\" data-element_type=\"section\">\n\t\t\t\t\t\t<div class=\"elementor-container elementor-column-gap-default\">\n\t\t\t\t\t<div class=\"elementor-column elementor-col-100 elementor-top-column elementor-element elementor-element-2c50cec7\" data-id=\"2c50cec7\" data-element_type=\"column\">\n\t\t\t<div class=\"elementor-widget-wrap elementor-element-populated\">\n\t\t\t\t\t\t<section class=\"elementor-section elementor-inner-section elementor-element elementor-element-228e6657 elementor-reverse-mobile elementor-section-boxed elementor-section-height-default elementor-section-height-default\" data-id=\"228e6657\" data-element_type=\"section\">\n\t\t\t\t\t\t<div class=\"elementor-container elementor-column-gap-default\">\n\t\t\t\t\t<div class=\"elementor-column elementor-col-50 elementor-inner-column elementor-element elementor-element-5215b33a\" data-id=\"5215b33a\" data-element_type=\"column\">\n\t\t\t<div class=\"elementor-widget-wrap elementor-element-populated\">\n\t\t\t\t\t\t<div class=\"elementor-element elementor-element-386a4b63 elementor-widget elementor-widget-image\" data-id=\"386a4b63\" data-element_type=\"widget\" data-widget_type=\"image.default\">\n\t\t\t\t<div class=\"elementor-widget-container\">\n\t\t\t\t\t\t\t\t\t\t\t\t\t\t\t<img fetchpriority=\"high\" decoding=\"async\" width=\"778\" height=\"1024\" src=\"https:\/\/mer-terre.org\/wp-content\/uploads\/2024\/06\/\u00a9-Fougue59-778x1024.jpg\" class=\"attachment-large size-large wp-image-7323\" alt=\"\" srcset=\"https:\/\/mer-terre.org\/wp-content\/uploads\/2024\/06\/\u00a9-Fougue59-778x1024.jpg 778w, https:\/\/mer-terre.org\/wp-content\/uploads\/2024\/06\/\u00a9-Fougue59-228x300.jpg 228w, https:\/\/mer-terre.org\/wp-content\/uploads\/2024\/06\/\u00a9-Fougue59-768x1011.jpg 768w, https:\/\/mer-terre.org\/wp-content\/uploads\/2024\/06\/\u00a9-Fougue59-9x12.jpg 9w, https:\/\/mer-terre.org\/wp-content\/uploads\/2024\/06\/\u00a9-Fougue59.jpg 1026w\" sizes=\"(max-width: 778px) 100vw, 778px\" \/>\t\t\t\t\t\t\t\t\t\t\t\t\t\t\t<\/div>\n\t\t\t\t<\/div>\n\t\t\t\t\t<\/div>\n\t\t<\/div>\n\t\t\t\t<div class=\"elementor-column elementor-col-50 elementor-inner-column elementor-element elementor-element-6d5351cf\" data-id=\"6d5351cf\" data-element_type=\"column\">\n\t\t\t<div class=\"elementor-widget-wrap elementor-element-populated\">\n\t\t\t\t\t\t<div class=\"elementor-element elementor-element-361e2aac elementor-widget elementor-widget-text-editor\" data-id=\"361e2aac\" data-element_type=\"widget\" data-widget_type=\"text-editor.default\">\n\t\t\t\t<div class=\"elementor-widget-container\">\n\t\t\t\t\t\t\t\t\t<p>A large part of our mission is to federate and coordinate the players involved.<\/p><p><strong>At MerTerre, we pay particular attention to the quality of our relationships with partner organizations.<\/strong><\/p><p>Nous attirons aussi l&rsquo;attention sur l&rsquo;importance de la qualit\u00e9 des relations que nous entretenons entre associations et plus largement entre les diff\u00e9rents acteurs qui composent les socio-\u00e9cosyst\u00e8mes anthropiques.<\/p><p>Nous sommes intimement persuad\u00e9s que ces principes de qualit\u00e9 relationnelle sont \u00e0 la base d&rsquo;une transition vers des \u00e9cosyst\u00e8mes humains en meilleur sant\u00e9 et donc moins nocifs pour les autres qu&rsquo;humains.<\/p>\t\t\t\t\t\t\t\t<\/div>\n\t\t\t\t<\/div>\n\t\t\t\t\t<\/div>\n\t\t<\/div>\n\t\t\t\t\t<\/div>\n\t\t<\/section>\n\t\t\t\t\t<\/div>\n\t\t<\/div>\n\t\t\t\t\t<\/div>\n\t\t<\/section>\n\t\t\t\t<section class=\"elementor-section elementor-top-section elementor-element elementor-element-5485103b elementor-section-boxed elementor-section-height-default elementor-section-height-default\" data-id=\"5485103b\" data-element_type=\"section\" data-settings=\"{&quot;background_background&quot;:&quot;classic&quot;}\">\n\t\t\t\t\t\t<div class=\"elementor-container elementor-column-gap-default\">\n\t\t\t\t\t<div class=\"elementor-column elementor-col-100 elementor-top-column elementor-element elementor-element-25e246ef\" data-id=\"25e246ef\" data-element_type=\"column\">\n\t\t\t<div class=\"elementor-widget-wrap elementor-element-populated\">\n\t\t\t\t\t\t<div class=\"elementor-element elementor-element-a6c60a1 elementor-widget elementor-widget-ucaddon_4_blocs_blancs\" data-id=\"a6c60a1\" data-element_type=\"widget\" data-widget_type=\"ucaddon_4_blocs_blancs.default\">\n\t\t\t\t<div class=\"elementor-widget-container\">\n\t\t\t\t\t\n<!-- start 4 blocs blancs -->\n\n<!-- Slider main container -->\n<div class=\"swiper swiper-merterre-type3\">\n  <!-- Additional required wrapper -->\n  <div class=\"swiper-wrapper\">\n    <!-- Slides -->\n    <div class=\"swiper-slide\">\n      <div class=\"item\">\n        <h4>Passion<\/h4>\n        <p>If for over 20 years MerTerre has been putting so much energy and enthusiasm into preserving ecosystems and biodiversity, it is above all because of the passion that drives it.<\/p>\n      <\/div>\n    <\/div>\n    <div class=\"swiper-slide\">\n      <div class=\"item\">\n        <h4>Caring<\/h4>\n        <p>Through our desire to strengthen <\/br>and promote those involved in <\/br>waste reduction by <\/br>demonstrating attention, empathy <\/br>and recognition.<\/p>\n      <\/div>\n    <\/div><div class=\"swiper-slide\">\n      <div class=\"item\">\n        <h4>Persistence<\/h4>\n        <p>MerTerre is relentless in its determination to apply, step by step, each stage of a strategy that adapts to changes in public policy and the interplay of players.<\/p>\n      <\/div>\n    <\/div><div class=\"swiper-slide\">\n      <div class=\"item\">\n        <h4>Collaborative spirit<\/h4>\n        <p>It's by drawing on the intelligence and experience of our partners, in a spirit of mutual reinforcement, that we increase our chances of achieving our main objective.<\/p>\n      <\/div>\n    <\/div>\n  <\/div>\n  <!-- If we need pagination -->\n  <div class=\"swiper-pagination\"><\/div>\n\n  <!-- If we need navigation buttons -->\n  <div class=\"swiper-button-prev\"><\/div>\n  <div class=\"swiper-button-next\"><\/div>\n<\/div>\n<!-- end 4 blocs blancs -->\t\t\t\t<\/div>\n\t\t\t\t<\/div>\n\t\t\t\t\t<\/div>\n\t\t<\/div>\n\t\t\t\t\t<\/div>\n\t\t<\/section>\n\t\t\t\t<section class=\"elementor-section elementor-top-section elementor-element elementor-element-7a035c0d elementor-section-boxed elementor-section-height-default elementor-section-height-default\" data-id=\"7a035c0d\" data-element_type=\"section\" data-settings=\"{&quot;background_background&quot;:&quot;classic&quot;}\">\n\t\t\t\t\t\t<div class=\"elementor-container elementor-column-gap-default\">\n\t\t\t\t\t<div class=\"elementor-column elementor-col-100 elementor-top-column elementor-element elementor-element-46187918\" data-id=\"46187918\" data-element_type=\"column\">\n\t\t\t<div class=\"elementor-widget-wrap elementor-element-populated\">\n\t\t\t\t\t\t<section class=\"elementor-section elementor-inner-section elementor-element elementor-element-653a63a6 elementor-section-boxed elementor-section-height-default elementor-section-height-default\" data-id=\"653a63a6\" data-element_type=\"section\">\n\t\t\t\t\t\t<div class=\"elementor-container elementor-column-gap-default\">\n\t\t\t\t\t<div class=\"elementor-column elementor-col-50 elementor-inner-column elementor-element elementor-element-44bfb7d5\" data-id=\"44bfb7d5\" data-element_type=\"column\">\n\t\t\t<div class=\"elementor-widget-wrap elementor-element-populated\">\n\t\t\t\t\t\t<div class=\"elementor-element elementor-element-3b99b122 elementor-widget elementor-widget-heading\" data-id=\"3b99b122\" data-element_type=\"widget\" data-widget_type=\"heading.default\">\n\t\t\t\t<div class=\"elementor-widget-container\">\n\t\t\t\t\t<h2 class=\"elementor-heading-title elementor-size-default translation-block\">Our <span>commitment <\/span>charter<\/h2>\t\t\t\t<\/div>\n\t\t\t\t<\/div>\n\t\t\t\t<div class=\"elementor-element elementor-element-28201085 elementor-widget elementor-widget-text-editor\" data-id=\"28201085\" data-element_type=\"widget\" data-widget_type=\"text-editor.default\">\n\t\t\t\t<div class=\"elementor-widget-container\">\n\t\t\t\t\t\t\t\t\t<p class=\"translation-block\">MerTerre is all about <strong>values<\/strong> and <strong>commitment<\/strong>.<\/p><p class=\"translation-block\">We invite you to consult our <strong>charter<\/strong> to discover the <strong>commitments<\/strong> we make to live up to our mission.<\/p>\t\t\t\t\t\t\t\t<\/div>\n\t\t\t\t<\/div>\n\t\t\t\t\t<\/div>\n\t\t<\/div>\n\t\t\t\t<div class=\"elementor-column elementor-col-50 elementor-inner-column elementor-element elementor-element-4e3baf37\" data-id=\"4e3baf37\" data-element_type=\"column\">\n\t\t\t<div class=\"elementor-widget-wrap elementor-element-populated\">\n\t\t\t\t\t\t<div class=\"elementor-element elementor-element-145a82 elementor-grid-tablet-3 elementor-grid-mobile-1 swiper-merterre-type1 elementor-grid-1 elementor-widget elementor-widget-loop-grid\" data-id=\"145a82\" data-element_type=\"widget\" data-settings=\"{&quot;template_id&quot;:&quot;2273&quot;,&quot;columns_tablet&quot;:3,&quot;columns_mobile&quot;:1,&quot;columns&quot;:1,&quot;_skin&quot;:&quot;post&quot;,&quot;edit_handle_selector&quot;:&quot;[data-elementor-type=\\&quot;loop-item\\&quot;]&quot;,&quot;row_gap&quot;:{&quot;unit&quot;:&quot;px&quot;,&quot;size&quot;:&quot;&quot;,&quot;sizes&quot;:[]},&quot;row_gap_tablet&quot;:{&quot;unit&quot;:&quot;px&quot;,&quot;size&quot;:&quot;&quot;,&quot;sizes&quot;:[]},&quot;row_gap_mobile&quot;:{&quot;unit&quot;:&quot;px&quot;,&quot;size&quot;:&quot;&quot;,&quot;sizes&quot;:[]}}\" data-widget_type=\"loop-grid.post\">\n\t\t\t\t<div class=\"elementor-widget-container\">\n\t\t\t\t\t\t\t<div class=\"elementor-loop-container elementor-grid\" role=\"list\">\n\t\t<style id=\"loop-2273\">.elementor-2273 .elementor-element.elementor-element-fafff77{padding:0px 0px 0px 0px;}.elementor-2273 .elementor-element.elementor-element-7caf6a0:not(.elementor-motion-effects-element-type-background) > .elementor-widget-wrap, .elementor-2273 .elementor-element.elementor-element-7caf6a0 > .elementor-widget-wrap > .elementor-motion-effects-container > .elementor-motion-effects-layer{background-color:var( --e-global-color-1676ed9 );}.elementor-bc-flex-widget .elementor-2273 .elementor-element.elementor-element-7caf6a0.elementor-column .elementor-widget-wrap{align-items:center;}.elementor-2273 .elementor-element.elementor-element-7caf6a0.elementor-column.elementor-element[data-element_type=\"column\"] > .elementor-widget-wrap.elementor-element-populated{align-content:center;align-items:center;}.elementor-2273 .elementor-element.elementor-element-7caf6a0 > .elementor-element-populated{border-style:solid;border-width:1px 1px 1px 1px;border-color:var( --e-global-color-text );transition:background 0.3s, border 0.3s, border-radius 0.3s, box-shadow 0.3s;padding:40px 10px 40px 10px;}.elementor-2273 .elementor-element.elementor-element-7caf6a0 > .elementor-element-populated, .elementor-2273 .elementor-element.elementor-element-7caf6a0 > .elementor-element-populated > .elementor-background-overlay, .elementor-2273 .elementor-element.elementor-element-7caf6a0 > .elementor-background-slideshow{border-radius:30px 30px 30px 30px;}.elementor-2273 .elementor-element.elementor-element-7caf6a0 > .elementor-element-populated > .elementor-background-overlay{transition:background 0.3s, border-radius 0.3s, opacity 0.3s;}.elementor-2273 .elementor-element.elementor-element-69f9595 .elementor-button-content-wrapper{flex-direction:row;}.elementor-2273 .elementor-element.elementor-element-69f9595 .elementor-button{text-decoration:none;}@media(max-width:768px){.elementor-2273 .elementor-element.elementor-element-7caf6a0 > .elementor-element-populated{padding:40px 30px 40px 30px;}}<\/style>\t\t<div data-elementor-type=\"loop-item\" data-elementor-id=\"2273\" class=\"elementor elementor-2273 e-loop-item e-loop-item-4630 post-4630 docutheque type-docutheque status-publish hentry type-document-outils-communication\" data-elementor-post-type=\"elementor_library\" data-custom-edit-handle=\"1\">\n\t\t\t\t\t<section class=\"elementor-section elementor-top-section elementor-element elementor-element-fafff77 elementor-section-boxed elementor-section-height-default elementor-section-height-default\" data-id=\"fafff77\" data-element_type=\"section\">\n\t\t\t\t\t\t<div class=\"elementor-container elementor-column-gap-default\">\n\t\t\t\t\t<div class=\"elementor-column elementor-col-100 elementor-top-column elementor-element elementor-element-7caf6a0\" data-id=\"7caf6a0\" data-element_type=\"column\" data-settings=\"{&quot;background_background&quot;:&quot;classic&quot;}\">\n\t\t\t<div class=\"elementor-widget-wrap elementor-element-populated\">\n\t\t\t\t\t\t<div class=\"elementor-element elementor-element-69f9595 elementor-align-center elementor-widget elementor-widget-button\" data-id=\"69f9595\" data-element_type=\"widget\" data-widget_type=\"button.default\">\n\t\t\t\t<div class=\"elementor-widget-container\">\n\t\t\t\t\t\t\t\t\t<div class=\"elementor-button-wrapper\">\n\t\t\t\t\t<a class=\"elementor-button elementor-button-link elementor-size-sm\" href=\"https:\/\/mer-terre.org\/wp-content\/uploads\/2023\/07\/Charte-Valeurs-MerTerre.pdf\" target=\"_blank\">\n\t\t\t\t\t\t<span class=\"elementor-button-content-wrapper\">\n\t\t\t\t\t\t<span class=\"elementor-button-icon\">\n\t\t\t\t<i aria-hidden=\"true\" class=\"fas fa-download\"><\/i>\t\t\t<\/span>\n\t\t\t\t\t\t\t\t\t<span class=\"elementor-button-text\">Lire la charte<\/span>\n\t\t\t\t\t<\/span>\n\t\t\t\t\t<\/a>\n\t\t\t\t<\/div>\n\t\t\t\t\t\t\t\t<\/div>\n\t\t\t\t<\/div>\n\t\t\t\t\t<\/div>\n\t\t<\/div>\n\t\t\t\t\t<\/div>\n\t\t<\/section>\n\t\t\t\t<\/div>\n\t\t\t\t<\/div>\n\t\t\n\t\t\t\t\t\t<\/div>\n\t\t\t\t<\/div>\n\t\t\t\t\t<\/div>\n\t\t<\/div>\n\t\t\t\t\t<\/div>\n\t\t<\/section>\n\t\t\t\t\t<\/div>\n\t\t<\/div>\n\t\t\t\t\t<\/div>\n\t\t<\/section>\n\t\t\t\t<\/div>","protected":false},"excerpt":{"rendered":"<p>MerTerre, une promesse d&rsquo;accomplissementqui tend vers quelque chose quinous fait vibrer ! Une grande partie de notre mission consiste \u00e0 f\u00e9d\u00e9rer et \u00e0 coordonner les acteurs. Chez MerTerre, nous accordons une attention toute particuli\u00e8re \u00e0 la qualit\u00e9 des relations que nous avons avec les structures partenaires. Nous attirons aussi l&rsquo;attention sur l&rsquo;importance de la qualit\u00e9 [&hellip;]<\/p>","protected":false},"author":1,"featured_media":0,"parent":0,"menu_order":0,"comment_status":"closed","ping_status":"closed","template":"","meta":{"_acf_changed":false,"_mo_disable_npp":"","footnotes":""},"class_list":["post-17","page","type-page","status-publish","hentry"],"acf":[],"yoast_head":"<!-- This site is optimized with the Yoast SEO plugin v26.0 - https:\/\/yoast.com\/wordpress\/plugins\/seo\/ -->\n<title>Valeurs - MerTerre<\/title>\n<meta name=\"robots\" content=\"index, follow, max-snippet:-1, max-image-preview:large, max-video-preview:-1\" \/>\n<link rel=\"canonical\" href=\"https:\/\/mer-terre.org\/en\/valeurs\/\" \/>\n<meta property=\"og:locale\" content=\"en_GB\" \/>\n<meta property=\"og:type\" content=\"article\" \/>\n<meta property=\"og:title\" content=\"Valeurs - MerTerre\" \/>\n<meta property=\"og:description\" content=\"MerTerre, une promesse d&rsquo;accomplissementqui tend vers quelque chose quinous fait vibrer ! Une grande partie de notre mission consiste \u00e0 f\u00e9d\u00e9rer et \u00e0 coordonner les acteurs. Chez MerTerre, nous accordons une attention toute particuli\u00e8re \u00e0 la qualit\u00e9 des relations que nous avons avec les structures partenaires. Nous attirons aussi l&rsquo;attention sur l&rsquo;importance de la qualit\u00e9 [&hellip;]\" \/>\n<meta property=\"og:url\" content=\"https:\/\/mer-terre.org\/en\/valeurs\/\" \/>\n<meta property=\"og:site_name\" content=\"MerTerre\" \/>\n<meta property=\"article:modified_time\" content=\"2026-03-05T11:25:26+00:00\" \/>\n<meta property=\"og:image\" content=\"https:\/\/mer-terre.org\/wp-content\/uploads\/2023\/01\/zig-zag.png\" \/>\n\t<meta property=\"og:image:width\" content=\"100\" \/>\n\t<meta property=\"og:image:height\" content=\"7\" \/>\n\t<meta property=\"og:image:type\" content=\"image\/png\" \/>\n<meta name=\"twitter:card\" content=\"summary_large_image\" \/>\n<meta name=\"twitter:label1\" content=\"Estimated reading time\" \/>\n\t<meta name=\"twitter:data1\" content=\"2 minutes\" \/>\n<script type=\"application\/ld+json\" class=\"yoast-schema-graph\">{\"@context\":\"https:\/\/schema.org\",\"@graph\":[{\"@type\":\"WebPage\",\"@id\":\"https:\/\/mer-terre.org\/valeurs\/\",\"url\":\"https:\/\/mer-terre.org\/valeurs\/\",\"name\":\"Valeurs - MerTerre\",\"isPartOf\":{\"@id\":\"https:\/\/mer-terre.org\/#website\"},\"primaryImageOfPage\":{\"@id\":\"https:\/\/mer-terre.org\/valeurs\/#primaryimage\"},\"image\":{\"@id\":\"https:\/\/mer-terre.org\/valeurs\/#primaryimage\"},\"thumbnailUrl\":\"https:\/\/mer-terre.org\/wp-content\/uploads\/2023\/01\/zig-zag.png\",\"datePublished\":\"2023-01-04T10:23:50+00:00\",\"dateModified\":\"2026-03-05T11:25:26+00:00\",\"breadcrumb\":{\"@id\":\"https:\/\/mer-terre.org\/valeurs\/#breadcrumb\"},\"inLanguage\":\"en-GB\",\"potentialAction\":[{\"@type\":\"ReadAction\",\"target\":[\"https:\/\/mer-terre.org\/valeurs\/\"]}]},{\"@type\":\"ImageObject\",\"inLanguage\":\"en-GB\",\"@id\":\"https:\/\/mer-terre.org\/valeurs\/#primaryimage\",\"url\":\"https:\/\/mer-terre.org\/wp-content\/uploads\/2023\/01\/zig-zag.png\",\"contentUrl\":\"https:\/\/mer-terre.org\/wp-content\/uploads\/2023\/01\/zig-zag.png\"},{\"@type\":\"BreadcrumbList\",\"@id\":\"https:\/\/mer-terre.org\/valeurs\/#breadcrumb\",\"itemListElement\":[{\"@type\":\"ListItem\",\"position\":1,\"name\":\"Accueil\",\"item\":\"https:\/\/mer-terre.org\/\"},{\"@type\":\"ListItem\",\"position\":2,\"name\":\"Valeurs\"}]},{\"@type\":\"WebSite\",\"@id\":\"https:\/\/mer-terre.org\/#website\",\"url\":\"https:\/\/mer-terre.org\/\",\"name\":\"MerTerre\",\"description\":\"Objectif Z\u00e9ro D\u00e9chet Marin\",\"publisher\":{\"@id\":\"https:\/\/mer-terre.org\/#organization\"},\"potentialAction\":[{\"@type\":\"SearchAction\",\"target\":{\"@type\":\"EntryPoint\",\"urlTemplate\":\"https:\/\/mer-terre.org\/?s={search_term_string}\"},\"query-input\":{\"@type\":\"PropertyValueSpecification\",\"valueRequired\":true,\"valueName\":\"search_term_string\"}}],\"inLanguage\":\"en-GB\"},{\"@type\":\"Organization\",\"@id\":\"https:\/\/mer-terre.org\/#organization\",\"name\":\"MerTerre\",\"url\":\"https:\/\/mer-terre.org\/\",\"logo\":{\"@type\":\"ImageObject\",\"inLanguage\":\"en-GB\",\"@id\":\"https:\/\/mer-terre.org\/#\/schema\/logo\/image\/\",\"url\":\"https:\/\/mer-terre.org\/wp-content\/uploads\/2023\/01\/logo-hx1-5.png\",\"contentUrl\":\"https:\/\/mer-terre.org\/wp-content\/uploads\/2023\/01\/logo-hx1-5.png\",\"width\":473,\"height\":157,\"caption\":\"MerTerre\"},\"image\":{\"@id\":\"https:\/\/mer-terre.org\/#\/schema\/logo\/image\/\"}}]}<\/script>\n<!-- \/ Yoast SEO plugin. -->","yoast_head_json":{"title":"Valeurs - MerTerre","robots":{"index":"index","follow":"follow","max-snippet":"max-snippet:-1","max-image-preview":"max-image-preview:large","max-video-preview":"max-video-preview:-1"},"canonical":"https:\/\/mer-terre.org\/en\/valeurs\/","og_locale":"en_GB","og_type":"article","og_title":"Valeurs - MerTerre","og_description":"MerTerre, une promesse d&rsquo;accomplissementqui tend vers quelque chose quinous fait vibrer ! Une grande partie de notre mission consiste \u00e0 f\u00e9d\u00e9rer et \u00e0 coordonner les acteurs. Chez MerTerre, nous accordons une attention toute particuli\u00e8re \u00e0 la qualit\u00e9 des relations que nous avons avec les structures partenaires. Nous attirons aussi l&rsquo;attention sur l&rsquo;importance de la qualit\u00e9 [&hellip;]","og_url":"https:\/\/mer-terre.org\/en\/valeurs\/","og_site_name":"MerTerre","article_modified_time":"2026-03-05T11:25:26+00:00","og_image":[{"width":100,"height":7,"url":"https:\/\/mer-terre.org\/wp-content\/uploads\/2023\/01\/zig-zag.png","type":"image\/png"}],"twitter_card":"summary_large_image","twitter_misc":{"Estimated reading time":"2 minutes"},"schema":{"@context":"https:\/\/schema.org","@graph":[{"@type":"WebPage","@id":"https:\/\/mer-terre.org\/valeurs\/","url":"https:\/\/mer-terre.org\/valeurs\/","name":"Valeurs - MerTerre","isPartOf":{"@id":"https:\/\/mer-terre.org\/#website"},"primaryImageOfPage":{"@id":"https:\/\/mer-terre.org\/valeurs\/#primaryimage"},"image":{"@id":"https:\/\/mer-terre.org\/valeurs\/#primaryimage"},"thumbnailUrl":"https:\/\/mer-terre.org\/wp-content\/uploads\/2023\/01\/zig-zag.png","datePublished":"2023-01-04T10:23:50+00:00","dateModified":"2026-03-05T11:25:26+00:00","breadcrumb":{"@id":"https:\/\/mer-terre.org\/valeurs\/#breadcrumb"},"inLanguage":"en-GB","potentialAction":[{"@type":"ReadAction","target":["https:\/\/mer-terre.org\/valeurs\/"]}]},{"@type":"ImageObject","inLanguage":"en-GB","@id":"https:\/\/mer-terre.org\/valeurs\/#primaryimage","url":"https:\/\/mer-terre.org\/wp-content\/uploads\/2023\/01\/zig-zag.png","contentUrl":"https:\/\/mer-terre.org\/wp-content\/uploads\/2023\/01\/zig-zag.png"},{"@type":"BreadcrumbList","@id":"https:\/\/mer-terre.org\/valeurs\/#breadcrumb","itemListElement":[{"@type":"ListItem","position":1,"name":"Accueil","item":"https:\/\/mer-terre.org\/"},{"@type":"ListItem","position":2,"name":"Valeurs"}]},{"@type":"WebSite","@id":"https:\/\/mer-terre.org\/#website","url":"https:\/\/mer-terre.org\/","name":"MerTerre","description":"Objectif Z\u00e9ro D\u00e9chet Marin","publisher":{"@id":"https:\/\/mer-terre.org\/#organization"},"potentialAction":[{"@type":"SearchAction","target":{"@type":"EntryPoint","urlTemplate":"https:\/\/mer-terre.org\/?s={search_term_string}"},"query-input":{"@type":"PropertyValueSpecification","valueRequired":true,"valueName":"search_term_string"}}],"inLanguage":"en-GB"},{"@type":"Organization","@id":"https:\/\/mer-terre.org\/#organization","name":"MerTerre","url":"https:\/\/mer-terre.org\/","logo":{"@type":"ImageObject","inLanguage":"en-GB","@id":"https:\/\/mer-terre.org\/#\/schema\/logo\/image\/","url":"https:\/\/mer-terre.org\/wp-content\/uploads\/2023\/01\/logo-hx1-5.png","contentUrl":"https:\/\/mer-terre.org\/wp-content\/uploads\/2023\/01\/logo-hx1-5.png","width":473,"height":157,"caption":"MerTerre"},"image":{"@id":"https:\/\/mer-terre.org\/#\/schema\/logo\/image\/"}}]}},"_links":{"self":[{"href":"https:\/\/mer-terre.org\/en\/wp-json\/wp\/v2\/pages\/17","targetHints":{"allow":["GET"]}}],"collection":[{"href":"https:\/\/mer-terre.org\/en\/wp-json\/wp\/v2\/pages"}],"about":[{"href":"https:\/\/mer-terre.org\/en\/wp-json\/wp\/v2\/types\/page"}],"author":[{"embeddable":true,"href":"https:\/\/mer-terre.org\/en\/wp-json\/wp\/v2\/users\/1"}],"replies":[{"embeddable":true,"href":"https:\/\/mer-terre.org\/en\/wp-json\/wp\/v2\/comments?post=17"}],"version-history":[{"count":0,"href":"https:\/\/mer-terre.org\/en\/wp-json\/wp\/v2\/pages\/17\/revisions"}],"wp:attachment":[{"href":"https:\/\/mer-terre.org\/en\/wp-json\/wp\/v2\/media?parent=17"}],"curies":[{"name":"wp","href":"https:\/\/api.w.org\/{rel}","templated":true}]}}