{"id":303,"date":"2023-01-05T19:03:24","date_gmt":"2023-01-05T18:03:24","guid":{"rendered":"https:\/\/mer-terre.org\/?page_id=303"},"modified":"2024-01-12T08:54:03","modified_gmt":"2024-01-12T07:54:03","slug":"nous-contacter","status":"publish","type":"page","link":"https:\/\/mer-terre.org\/en\/nous-contacter\/","title":{"rendered":"Contact us"},"content":{"rendered":"<div data-elementor-type=\"wp-page\" data-elementor-id=\"303\" class=\"elementor elementor-303\" data-elementor-post-type=\"page\">\n\t\t\t\t\t\t<section class=\"elementor-section elementor-top-section elementor-element elementor-element-10d28a95 elementor-section-boxed elementor-section-height-default elementor-section-height-default\" data-id=\"10d28a95\" data-element_type=\"section\">\n\t\t\t\t\t\t<div class=\"elementor-container elementor-column-gap-default\">\n\t\t\t\t\t<div class=\"elementor-column elementor-col-100 elementor-top-column elementor-element elementor-element-463eabcb\" data-id=\"463eabcb\" data-element_type=\"column\">\n\t\t\t<div class=\"elementor-widget-wrap elementor-element-populated\">\n\t\t\t\t\t\t<div class=\"elementor-element elementor-element-5bd92034 elementor-widget elementor-widget-heading\" data-id=\"5bd92034\" data-element_type=\"widget\" data-widget_type=\"heading.default\">\n\t\t\t\t<div class=\"elementor-widget-container\">\n\t\t\t\t\t<h1 class=\"elementor-heading-title elementor-size-default\">Contact us<\/h1>\t\t\t\t<\/div>\n\t\t\t\t<\/div>\n\t\t\t\t<div class=\"elementor-element elementor-element-2ab381b0 elementor-widget elementor-widget-text-editor\" data-id=\"2ab381b0\" data-element_type=\"widget\" data-widget_type=\"text-editor.default\">\n\t\t\t\t<div class=\"elementor-widget-container\">\n\t\t\t\t\t\t\t\t\t<h6>To write to us, please identify your contact person. You can also contact us by phone<\/h6>\t\t\t\t\t\t\t\t<\/div>\n\t\t\t\t<\/div>\n\t\t\t\t<div class=\"elementor-element elementor-element-35085511 elementor-widget elementor-widget-image\" data-id=\"35085511\" data-element_type=\"widget\" data-widget_type=\"image.default\">\n\t\t\t\t<div class=\"elementor-widget-container\">\n\t\t\t\t\t\t\t\t\t\t\t\t\t\t\t<img decoding=\"async\" width=\"100\" height=\"7\" src=\"https:\/\/mer-terre.org\/wp-content\/uploads\/2023\/01\/zig-zag.png\" class=\"attachment-large size-large wp-image-313\" alt=\"\" \/>\t\t\t\t\t\t\t\t\t\t\t\t\t\t\t<\/div>\n\t\t\t\t<\/div>\n\t\t\t\t\t<\/div>\n\t\t<\/div>\n\t\t\t\t\t<\/div>\n\t\t<\/section>\n\t\t\t\t<section class=\"elementor-section elementor-top-section elementor-element elementor-element-1a4becd elementor-section-boxed elementor-section-height-default elementor-section-height-default\" data-id=\"1a4becd\" data-element_type=\"section\" data-settings=\"{&quot;background_background&quot;:&quot;classic&quot;}\">\n\t\t\t\t\t\t<div class=\"elementor-container elementor-column-gap-wide\">\n\t\t\t\t\t<div class=\"elementor-column elementor-col-33 elementor-top-column elementor-element elementor-element-eef9cad\" data-id=\"eef9cad\" data-element_type=\"column\">\n\t\t\t<div class=\"elementor-widget-wrap elementor-element-populated\">\n\t\t\t\t\t\t<section class=\"elementor-section elementor-inner-section elementor-element elementor-element-508870a elementor-section-full_width elementor-section-height-min-height elementor-section-height-default\" data-id=\"508870a\" data-element_type=\"section\" data-settings=\"{&quot;background_background&quot;:&quot;classic&quot;}\">\n\t\t\t\t\t\t<div class=\"elementor-container elementor-column-gap-default\">\n\t\t\t\t\t<div class=\"elementor-column elementor-col-100 elementor-inner-column elementor-element elementor-element-9b4bd4b\" data-id=\"9b4bd4b\" data-element_type=\"column\">\n\t\t\t<div class=\"elementor-widget-wrap elementor-element-populated\">\n\t\t\t\t\t\t<div class=\"elementor-element elementor-element-5ea0492 elementor-view-default elementor-widget elementor-widget-icon\" data-id=\"5ea0492\" data-element_type=\"widget\" data-widget_type=\"icon.default\">\n\t\t\t\t<div class=\"elementor-widget-container\">\n\t\t\t\t\t\t\t<div class=\"elementor-icon-wrapper\">\n\t\t\t<div class=\"elementor-icon\">\n\t\t\t<svg xmlns=\"http:\/\/www.w3.org\/2000\/svg\" width=\"86\" height=\"86\" viewbox=\"0 0 86 86\" fill=\"none\"><circle cx=\"43\" cy=\"43\" r=\"43\" fill=\"#D4B784\"><\/circle><path fill-rule=\"evenodd\" clip-rule=\"evenodd\" d=\"M42.5 67.5152L43.8977 66.2469C55.651 55.5817 61.625 46.2693 61.625 38.0835C61.625 26.4912 52.9188 18.2085 42.5 18.2085C32.0812 18.2085 23.375 26.4912 23.375 38.0835C23.375 46.2693 29.349 55.5817 41.1023 66.2469L42.5 67.5152ZM42.5 61.6318C32.5266 52.2909 27.625 44.3755 27.625 38.0835C27.625 29.0218 34.3487 22.6252 42.5 22.6252C50.6513 22.6252 57.375 29.0218 57.375 38.0835C57.375 44.3755 52.4734 52.2909 42.5 61.6318ZM42.5 27.0418C48.368 27.0418 53.125 31.9854 53.125 38.0835C53.125 44.1816 48.368 49.1252 42.5 49.1252C36.632 49.1252 31.875 44.1816 31.875 38.0835C31.875 31.9854 36.632 27.0418 42.5 27.0418ZM36.125 38.0835C36.125 34.4246 38.9792 31.4585 42.5 31.4585C46.0208 31.4585 48.875 34.4246 48.875 38.0835C48.875 41.7424 46.0208 44.7085 42.5 44.7085C38.9792 44.7085 36.125 41.7424 36.125 38.0835Z\" fill=\"white\"><\/path><\/svg>\t\t\t<\/div>\n\t\t<\/div>\n\t\t\t\t\t\t<\/div>\n\t\t\t\t<\/div>\n\t\t\t\t<div class=\"elementor-element elementor-element-1c8453b elementor-widget elementor-widget-image\" data-id=\"1c8453b\" data-element_type=\"widget\" data-widget_type=\"image.default\">\n\t\t\t\t<div class=\"elementor-widget-container\">\n\t\t\t\t\t\t\t\t\t\t\t\t\t\t\t<img decoding=\"async\" width=\"100\" height=\"7\" src=\"https:\/\/mer-terre.org\/wp-content\/uploads\/2023\/01\/zig-zag.png\" class=\"attachment-large size-large wp-image-313\" alt=\"\" \/>\t\t\t\t\t\t\t\t\t\t\t\t\t\t\t<\/div>\n\t\t\t\t<\/div>\n\t\t\t\t<div class=\"elementor-element elementor-element-0251768 elementor-widget elementor-widget-text-editor\" data-id=\"0251768\" data-element_type=\"widget\" data-widget_type=\"text-editor.default\">\n\t\t\t\t<div class=\"elementor-widget-container\">\n\t\t\t\t\t\t\t\t\t<p>68 rue de Rome<br \/>13006 Marseille<\/p>\t\t\t\t\t\t\t\t<\/div>\n\t\t\t\t<\/div>\n\t\t\t\t<div class=\"elementor-element elementor-element-b918734 elementor-widget elementor-widget-image\" data-id=\"b918734\" data-element_type=\"widget\" data-widget_type=\"image.default\">\n\t\t\t\t<div class=\"elementor-widget-container\">\n\t\t\t\t\t\t\t\t\t\t\t\t\t\t\t<img decoding=\"async\" width=\"100\" height=\"7\" src=\"https:\/\/mer-terre.org\/wp-content\/uploads\/2023\/01\/zig-zag.png\" class=\"attachment-large size-large wp-image-313\" alt=\"\" \/>\t\t\t\t\t\t\t\t\t\t\t\t\t\t\t<\/div>\n\t\t\t\t<\/div>\n\t\t\t\t\t<\/div>\n\t\t<\/div>\n\t\t\t\t\t<\/div>\n\t\t<\/section>\n\t\t\t\t\t<\/div>\n\t\t<\/div>\n\t\t\t\t<div class=\"elementor-column elementor-col-33 elementor-top-column elementor-element elementor-element-ce3aff4\" data-id=\"ce3aff4\" data-element_type=\"column\">\n\t\t\t<div class=\"elementor-widget-wrap elementor-element-populated\">\n\t\t\t\t\t\t<section class=\"elementor-section elementor-inner-section elementor-element elementor-element-9acf02c elementor-section-full_width elementor-section-height-min-height elementor-section-height-default\" data-id=\"9acf02c\" data-element_type=\"section\" data-settings=\"{&quot;background_background&quot;:&quot;classic&quot;}\">\n\t\t\t\t\t\t<div class=\"elementor-container elementor-column-gap-default\">\n\t\t\t\t\t<div class=\"elementor-column elementor-col-100 elementor-inner-column elementor-element elementor-element-9e99333\" data-id=\"9e99333\" data-element_type=\"column\">\n\t\t\t<div class=\"elementor-widget-wrap elementor-element-populated\">\n\t\t\t\t\t\t<div class=\"elementor-element elementor-element-e7b2469 elementor-view-default elementor-widget elementor-widget-icon\" data-id=\"e7b2469\" data-element_type=\"widget\" data-widget_type=\"icon.default\">\n\t\t\t\t<div class=\"elementor-widget-container\">\n\t\t\t\t\t\t\t<div class=\"elementor-icon-wrapper\">\n\t\t\t<div class=\"elementor-icon\">\n\t\t\t<svg xmlns=\"http:\/\/www.w3.org\/2000\/svg\" width=\"86\" height=\"86\" viewbox=\"0 0 86 86\" fill=\"none\"><circle cx=\"43\" cy=\"43\" r=\"43\" fill=\"#D4B784\"><\/circle><path fill-rule=\"evenodd\" clip-rule=\"evenodd\" d=\"M41.5224 36.0658C42.645 34.553 43.0475 32.9586 41.778 31.5513C38.9289 27.5647 37.0128 25.0994 35.811 23.9122C33.5261 21.6551 29.7674 21.9604 27.7885 23.9102C26.7257 24.9575 26.3658 25.3172 25.2745 26.4256C19.1956 32.5078 22.9028 45.3653 32.758 55.2302C42.611 65.0928 55.4672 68.802 61.5589 62.707C62.566 61.7362 63.4186 60.883 64.0911 60.1723C66.0303 58.1226 66.3247 54.5297 64.0783 52.1956C62.9266 50.9989 60.5757 49.1753 56.4214 46.2037C55.149 45.066 53.6404 45.3125 52.2573 46.2199C51.5919 46.6564 51.1078 47.098 50.1935 48.0131L48.5333 49.6742C48.3147 49.893 45.3455 48.4061 42.4632 45.521C39.5794 42.6343 38.0934 39.665 38.3111 39.4473C38.7599 38.9986 39.3137 38.4445 39.9724 37.7851C40.2625 37.4947 40.4012 37.3542 40.579 37.1672C40.9495 36.7778 41.2563 36.4244 41.5224 36.0658ZM51.5958 52.7384L53.2563 51.0769C53.7594 50.5733 54.0855 50.2636 54.3508 50.0501C57.9901 52.6635 60.0977 54.3068 60.9586 55.2013C61.4755 55.7384 61.3952 56.7183 60.9459 57.1933C60.324 57.8505 59.5162 58.6588 58.5248 59.6151C54.5857 63.5558 44.2078 60.5616 35.8211 52.1667C27.4318 43.7692 24.4391 33.3897 28.3484 29.4782C29.4354 28.3743 29.7797 28.0301 30.8274 26.9977C31.2203 26.6107 32.2903 26.5238 32.7682 26.9958C33.6935 27.9099 35.4099 30.1076 37.9349 33.6249C37.8042 33.7872 37.6409 33.9705 37.4422 34.1794C37.2964 34.3326 37.1749 34.4558 36.9093 34.7216C36.2511 35.3805 35.6978 35.9341 35.2496 36.3822C32.4261 39.2055 34.8307 44.0105 39.4001 48.5844C43.9664 53.1552 48.7732 55.5625 51.5958 52.7384Z\" fill=\"white\"><\/path><\/svg>\t\t\t<\/div>\n\t\t<\/div>\n\t\t\t\t\t\t<\/div>\n\t\t\t\t<\/div>\n\t\t\t\t<div class=\"elementor-element elementor-element-aa6ff0b elementor-widget elementor-widget-image\" data-id=\"aa6ff0b\" data-element_type=\"widget\" data-widget_type=\"image.default\">\n\t\t\t\t<div class=\"elementor-widget-container\">\n\t\t\t\t\t\t\t\t\t\t\t\t\t\t\t<img decoding=\"async\" width=\"100\" height=\"7\" src=\"https:\/\/mer-terre.org\/wp-content\/uploads\/2023\/01\/zig-zag.png\" class=\"attachment-large size-large wp-image-313\" alt=\"\" \/>\t\t\t\t\t\t\t\t\t\t\t\t\t\t\t<\/div>\n\t\t\t\t<\/div>\n\t\t\t\t<div class=\"elementor-element elementor-element-e7141a6 elementor-widget elementor-widget-text-editor\" data-id=\"e7141a6\" data-element_type=\"widget\" data-widget_type=\"text-editor.default\">\n\t\t\t\t<div class=\"elementor-widget-container\">\n\t\t\t\t\t\t\t\t\t<p><a href=\"tel:0986787902\">09.86.78.79.02<\/a><\/p>\t\t\t\t\t\t\t\t<\/div>\n\t\t\t\t<\/div>\n\t\t\t\t<div class=\"elementor-element elementor-element-722b957 elementor-widget elementor-widget-image\" data-id=\"722b957\" data-element_type=\"widget\" data-widget_type=\"image.default\">\n\t\t\t\t<div class=\"elementor-widget-container\">\n\t\t\t\t\t\t\t\t\t\t\t\t\t\t\t<img decoding=\"async\" width=\"100\" height=\"7\" src=\"https:\/\/mer-terre.org\/wp-content\/uploads\/2023\/01\/zig-zag.png\" class=\"attachment-large size-large wp-image-313\" alt=\"\" \/>\t\t\t\t\t\t\t\t\t\t\t\t\t\t\t<\/div>\n\t\t\t\t<\/div>\n\t\t\t\t\t<\/div>\n\t\t<\/div>\n\t\t\t\t\t<\/div>\n\t\t<\/section>\n\t\t\t\t\t<\/div>\n\t\t<\/div>\n\t\t\t\t<div class=\"elementor-column elementor-col-33 elementor-top-column elementor-element elementor-element-bd27ae6\" data-id=\"bd27ae6\" data-element_type=\"column\">\n\t\t\t<div class=\"elementor-widget-wrap elementor-element-populated\">\n\t\t\t\t\t\t<section class=\"elementor-section elementor-inner-section elementor-element elementor-element-c150f6f elementor-section-full_width elementor-section-height-min-height elementor-section-height-default\" data-id=\"c150f6f\" data-element_type=\"section\" data-settings=\"{&quot;background_background&quot;:&quot;classic&quot;}\">\n\t\t\t\t\t\t<div class=\"elementor-container elementor-column-gap-default\">\n\t\t\t\t\t<div class=\"elementor-column elementor-col-100 elementor-inner-column elementor-element elementor-element-eebc7c7\" data-id=\"eebc7c7\" data-element_type=\"column\">\n\t\t\t<div class=\"elementor-widget-wrap elementor-element-populated\">\n\t\t\t\t\t\t<div class=\"elementor-element elementor-element-f7628bb elementor-view-default elementor-widget elementor-widget-icon\" data-id=\"f7628bb\" data-element_type=\"widget\" data-widget_type=\"icon.default\">\n\t\t\t\t<div class=\"elementor-widget-container\">\n\t\t\t\t\t\t\t<div class=\"elementor-icon-wrapper\">\n\t\t\t<div class=\"elementor-icon\">\n\t\t\t<svg xmlns=\"http:\/\/www.w3.org\/2000\/svg\" width=\"86\" height=\"86\" viewbox=\"0 0 86 86\" fill=\"none\"><circle cx=\"43\" cy=\"43\" r=\"43\" fill=\"#D4B784\"><\/circle><path fill-rule=\"evenodd\" clip-rule=\"evenodd\" d=\"M43.1868 59.6749L33.0718 66.1061C31.7403 66.9527 29.9987 65.9962 29.9987 64.4184V59.6749H25.6654C23.2721 59.6749 21.332 57.7012 21.332 55.2665V28.8165C21.332 26.3819 23.2721 24.4082 25.6654 24.4082H60.332C62.7253 24.4082 64.6654 26.3819 64.6654 28.8165V55.2665C64.6654 57.7012 62.7253 59.6749 60.332 59.6749H43.1868Z\" fill=\"white\"><\/path><path fill-rule=\"evenodd\" clip-rule=\"evenodd\" d=\"M35 58.0876C35 58.4825 35.4362 58.7215 35.769 58.509L42.0264 54.5144H59V30H27V54.5144H35V58.0876Z\" fill=\"#D4B784\"><\/path><\/svg>\t\t\t<\/div>\n\t\t<\/div>\n\t\t\t\t\t\t<\/div>\n\t\t\t\t<\/div>\n\t\t\t\t<div class=\"elementor-element elementor-element-a13a9d7 elementor-widget elementor-widget-image\" data-id=\"a13a9d7\" data-element_type=\"widget\" data-widget_type=\"image.default\">\n\t\t\t\t<div class=\"elementor-widget-container\">\n\t\t\t\t\t\t\t\t\t\t\t\t\t\t\t<img decoding=\"async\" width=\"100\" height=\"7\" src=\"https:\/\/mer-terre.org\/wp-content\/uploads\/2023\/01\/zig-zag.png\" class=\"attachment-large size-large wp-image-313\" alt=\"\" \/>\t\t\t\t\t\t\t\t\t\t\t\t\t\t\t<\/div>\n\t\t\t\t<\/div>\n\t\t\t\t<div class=\"elementor-element elementor-element-3cdb7e7 elementor-align-center btn-bleu-negative elementor-widget elementor-widget-button\" data-id=\"3cdb7e7\" data-element_type=\"widget\" data-widget_type=\"button.default\">\n\t\t\t\t<div class=\"elementor-widget-container\">\n\t\t\t\t\t\t\t\t\t<div class=\"elementor-button-wrapper\">\n\t\t\t\t\t<a class=\"elementor-button elementor-button-link elementor-size-sm\" href=\"\/en\/formulaire-de-contact\/\">\n\t\t\t\t\t\t<span class=\"elementor-button-content-wrapper\">\n\t\t\t\t\t\t\t\t\t<span class=\"elementor-button-text\">Write to us<\/span>\n\t\t\t\t\t<\/span>\n\t\t\t\t\t<\/a>\n\t\t\t\t<\/div>\n\t\t\t\t\t\t\t\t<\/div>\n\t\t\t\t<\/div>\n\t\t\t\t<div class=\"elementor-element elementor-element-29d32c6 elementor-widget elementor-widget-image\" data-id=\"29d32c6\" data-element_type=\"widget\" data-widget_type=\"image.default\">\n\t\t\t\t<div class=\"elementor-widget-container\">\n\t\t\t\t\t\t\t\t\t\t\t\t\t\t\t<img decoding=\"async\" width=\"100\" height=\"7\" src=\"https:\/\/mer-terre.org\/wp-content\/uploads\/2023\/01\/zig-zag.png\" class=\"attachment-large size-large wp-image-313\" alt=\"\" \/>\t\t\t\t\t\t\t\t\t\t\t\t\t\t\t<\/div>\n\t\t\t\t<\/div>\n\t\t\t\t\t<\/div>\n\t\t<\/div>\n\t\t\t\t\t<\/div>\n\t\t<\/section>\n\t\t\t\t\t<\/div>\n\t\t<\/div>\n\t\t\t\t\t<\/div>\n\t\t<\/section>\n\t\t\t\t<\/div>","protected":false},"excerpt":{"rendered":"<p>Pour nous \u00e9crire, n\u2019h\u00e9sitez pas \u00e0 identifier votre interlocuteur. Vous pouvez aussi toujours nous contacter par t\u00e9l\u00e9phone 68 rue de Rome13006 Marseille 09.86.78.79.02 Nous \u00e9crire<\/p>","protected":false},"author":1,"featured_media":0,"parent":0,"menu_order":0,"comment_status":"closed","ping_status":"closed","template":"","meta":{"_acf_changed":false,"_mo_disable_npp":"","footnotes":""},"class_list":["post-303","page","type-page","status-publish","hentry"],"acf":[],"yoast_head":"<!-- This site is optimized with the Yoast SEO plugin v26.0 - https:\/\/yoast.com\/wordpress\/plugins\/seo\/ -->\n<title>Nous contacter - MerTerre<\/title>\n<meta name=\"robots\" content=\"index, follow, max-snippet:-1, max-image-preview:large, max-video-preview:-1\" \/>\n<link rel=\"canonical\" href=\"https:\/\/mer-terre.org\/en\/nous-contacter\/\" \/>\n<meta property=\"og:locale\" content=\"en_GB\" \/>\n<meta property=\"og:type\" content=\"article\" \/>\n<meta property=\"og:title\" content=\"Nous contacter - MerTerre\" \/>\n<meta property=\"og:description\" content=\"Pour nous \u00e9crire, n\u2019h\u00e9sitez pas \u00e0 identifier votre interlocuteur. Vous pouvez aussi toujours nous contacter par t\u00e9l\u00e9phone 68 rue de Rome13006 Marseille 09.86.78.79.02 Nous \u00e9crire\" \/>\n<meta property=\"og:url\" content=\"https:\/\/mer-terre.org\/en\/nous-contacter\/\" \/>\n<meta property=\"og:site_name\" content=\"MerTerre\" \/>\n<meta property=\"article:modified_time\" content=\"2024-01-12T07:54:03+00:00\" \/>\n<meta property=\"og:image\" content=\"https:\/\/mer-terre.org\/wp-content\/uploads\/2023\/01\/zig-zag.png\" \/>\n<meta name=\"twitter:card\" content=\"summary_large_image\" \/>\n<meta name=\"twitter:label1\" content=\"Estimated reading time\" \/>\n\t<meta name=\"twitter:data1\" content=\"2 minutes\" \/>\n<script type=\"application\/ld+json\" class=\"yoast-schema-graph\">{\"@context\":\"https:\/\/schema.org\",\"@graph\":[{\"@type\":\"WebPage\",\"@id\":\"https:\/\/mer-terre.org\/nous-contacter\/\",\"url\":\"https:\/\/mer-terre.org\/nous-contacter\/\",\"name\":\"Nous contacter - MerTerre\",\"isPartOf\":{\"@id\":\"https:\/\/mer-terre.org\/#website\"},\"primaryImageOfPage\":{\"@id\":\"https:\/\/mer-terre.org\/nous-contacter\/#primaryimage\"},\"image\":{\"@id\":\"https:\/\/mer-terre.org\/nous-contacter\/#primaryimage\"},\"thumbnailUrl\":\"https:\/\/mer-terre.org\/wp-content\/uploads\/2023\/01\/zig-zag.png\",\"datePublished\":\"2023-01-05T18:03:24+00:00\",\"dateModified\":\"2024-01-12T07:54:03+00:00\",\"breadcrumb\":{\"@id\":\"https:\/\/mer-terre.org\/nous-contacter\/#breadcrumb\"},\"inLanguage\":\"en-GB\",\"potentialAction\":[{\"@type\":\"ReadAction\",\"target\":[\"https:\/\/mer-terre.org\/nous-contacter\/\"]}]},{\"@type\":\"ImageObject\",\"inLanguage\":\"en-GB\",\"@id\":\"https:\/\/mer-terre.org\/nous-contacter\/#primaryimage\",\"url\":\"https:\/\/mer-terre.org\/wp-content\/uploads\/2023\/01\/zig-zag.png\",\"contentUrl\":\"https:\/\/mer-terre.org\/wp-content\/uploads\/2023\/01\/zig-zag.png\"},{\"@type\":\"BreadcrumbList\",\"@id\":\"https:\/\/mer-terre.org\/nous-contacter\/#breadcrumb\",\"itemListElement\":[{\"@type\":\"ListItem\",\"position\":1,\"name\":\"Accueil\",\"item\":\"https:\/\/mer-terre.org\/\"},{\"@type\":\"ListItem\",\"position\":2,\"name\":\"Nous contacter\"}]},{\"@type\":\"WebSite\",\"@id\":\"https:\/\/mer-terre.org\/#website\",\"url\":\"https:\/\/mer-terre.org\/\",\"name\":\"MerTerre\",\"description\":\"Objectif Z\u00e9ro D\u00e9chet Marin\",\"publisher\":{\"@id\":\"https:\/\/mer-terre.org\/#organization\"},\"potentialAction\":[{\"@type\":\"SearchAction\",\"target\":{\"@type\":\"EntryPoint\",\"urlTemplate\":\"https:\/\/mer-terre.org\/?s={search_term_string}\"},\"query-input\":{\"@type\":\"PropertyValueSpecification\",\"valueRequired\":true,\"valueName\":\"search_term_string\"}}],\"inLanguage\":\"en-GB\"},{\"@type\":\"Organization\",\"@id\":\"https:\/\/mer-terre.org\/#organization\",\"name\":\"MerTerre\",\"url\":\"https:\/\/mer-terre.org\/\",\"logo\":{\"@type\":\"ImageObject\",\"inLanguage\":\"en-GB\",\"@id\":\"https:\/\/mer-terre.org\/#\/schema\/logo\/image\/\",\"url\":\"https:\/\/mer-terre.org\/wp-content\/uploads\/2023\/01\/logo-hx1-5.png\",\"contentUrl\":\"https:\/\/mer-terre.org\/wp-content\/uploads\/2023\/01\/logo-hx1-5.png\",\"width\":473,\"height\":157,\"caption\":\"MerTerre\"},\"image\":{\"@id\":\"https:\/\/mer-terre.org\/#\/schema\/logo\/image\/\"}}]}<\/script>\n<!-- \/ Yoast SEO plugin. -->","yoast_head_json":{"title":"Nous contacter - MerTerre","robots":{"index":"index","follow":"follow","max-snippet":"max-snippet:-1","max-image-preview":"max-image-preview:large","max-video-preview":"max-video-preview:-1"},"canonical":"https:\/\/mer-terre.org\/en\/nous-contacter\/","og_locale":"en_GB","og_type":"article","og_title":"Nous contacter - MerTerre","og_description":"Pour nous \u00e9crire, n\u2019h\u00e9sitez pas \u00e0 identifier votre interlocuteur. Vous pouvez aussi toujours nous contacter par t\u00e9l\u00e9phone 68 rue de Rome13006 Marseille 09.86.78.79.02 Nous \u00e9crire","og_url":"https:\/\/mer-terre.org\/en\/nous-contacter\/","og_site_name":"MerTerre","article_modified_time":"2024-01-12T07:54:03+00:00","og_image":[{"url":"https:\/\/mer-terre.org\/wp-content\/uploads\/2023\/01\/zig-zag.png","type":"","width":"","height":""}],"twitter_card":"summary_large_image","twitter_misc":{"Estimated reading time":"2 minutes"},"schema":{"@context":"https:\/\/schema.org","@graph":[{"@type":"WebPage","@id":"https:\/\/mer-terre.org\/nous-contacter\/","url":"https:\/\/mer-terre.org\/nous-contacter\/","name":"Nous contacter - MerTerre","isPartOf":{"@id":"https:\/\/mer-terre.org\/#website"},"primaryImageOfPage":{"@id":"https:\/\/mer-terre.org\/nous-contacter\/#primaryimage"},"image":{"@id":"https:\/\/mer-terre.org\/nous-contacter\/#primaryimage"},"thumbnailUrl":"https:\/\/mer-terre.org\/wp-content\/uploads\/2023\/01\/zig-zag.png","datePublished":"2023-01-05T18:03:24+00:00","dateModified":"2024-01-12T07:54:03+00:00","breadcrumb":{"@id":"https:\/\/mer-terre.org\/nous-contacter\/#breadcrumb"},"inLanguage":"en-GB","potentialAction":[{"@type":"ReadAction","target":["https:\/\/mer-terre.org\/nous-contacter\/"]}]},{"@type":"ImageObject","inLanguage":"en-GB","@id":"https:\/\/mer-terre.org\/nous-contacter\/#primaryimage","url":"https:\/\/mer-terre.org\/wp-content\/uploads\/2023\/01\/zig-zag.png","contentUrl":"https:\/\/mer-terre.org\/wp-content\/uploads\/2023\/01\/zig-zag.png"},{"@type":"BreadcrumbList","@id":"https:\/\/mer-terre.org\/nous-contacter\/#breadcrumb","itemListElement":[{"@type":"ListItem","position":1,"name":"Accueil","item":"https:\/\/mer-terre.org\/"},{"@type":"ListItem","position":2,"name":"Nous contacter"}]},{"@type":"WebSite","@id":"https:\/\/mer-terre.org\/#website","url":"https:\/\/mer-terre.org\/","name":"MerTerre","description":"Objectif Z\u00e9ro D\u00e9chet Marin","publisher":{"@id":"https:\/\/mer-terre.org\/#organization"},"potentialAction":[{"@type":"SearchAction","target":{"@type":"EntryPoint","urlTemplate":"https:\/\/mer-terre.org\/?s={search_term_string}"},"query-input":{"@type":"PropertyValueSpecification","valueRequired":true,"valueName":"search_term_string"}}],"inLanguage":"en-GB"},{"@type":"Organization","@id":"https:\/\/mer-terre.org\/#organization","name":"MerTerre","url":"https:\/\/mer-terre.org\/","logo":{"@type":"ImageObject","inLanguage":"en-GB","@id":"https:\/\/mer-terre.org\/#\/schema\/logo\/image\/","url":"https:\/\/mer-terre.org\/wp-content\/uploads\/2023\/01\/logo-hx1-5.png","contentUrl":"https:\/\/mer-terre.org\/wp-content\/uploads\/2023\/01\/logo-hx1-5.png","width":473,"height":157,"caption":"MerTerre"},"image":{"@id":"https:\/\/mer-terre.org\/#\/schema\/logo\/image\/"}}]}},"_links":{"self":[{"href":"https:\/\/mer-terre.org\/en\/wp-json\/wp\/v2\/pages\/303","targetHints":{"allow":["GET"]}}],"collection":[{"href":"https:\/\/mer-terre.org\/en\/wp-json\/wp\/v2\/pages"}],"about":[{"href":"https:\/\/mer-terre.org\/en\/wp-json\/wp\/v2\/types\/page"}],"author":[{"embeddable":true,"href":"https:\/\/mer-terre.org\/en\/wp-json\/wp\/v2\/users\/1"}],"replies":[{"embeddable":true,"href":"https:\/\/mer-terre.org\/en\/wp-json\/wp\/v2\/comments?post=303"}],"version-history":[{"count":0,"href":"https:\/\/mer-terre.org\/en\/wp-json\/wp\/v2\/pages\/303\/revisions"}],"wp:attachment":[{"href":"https:\/\/mer-terre.org\/en\/wp-json\/wp\/v2\/media?parent=303"}],"curies":[{"name":"wp","href":"https:\/\/api.w.org\/{rel}","templated":true}]}}